{"id":132,"date":"2014-08-08T16:32:21","date_gmt":"2014-08-08T14:32:21","guid":{"rendered":"http:\/\/localhost\/?page_id=132"},"modified":"2019-07-29T15:06:16","modified_gmt":"2019-07-29T13:06:16","slug":"kontakt-2","status":"publish","type":"page","link":"http:\/\/thomas-kaulich.com\/index.php\/kontakt-2\/","title":{"rendered":"Kontakt"},"content":{"rendered":"<div class=\"caldera-grid\" id=\"caldera_form_1\" data-cf-ver=\"1.9.6\" data-cf-form-id=\"CF5af2fdca21006\"><div id=\"caldera_notices_1\" data-spinner=\"http:\/\/thomas-kaulich.com\/wp-admin\/images\/spinner.gif\"><\/div><form data-instance=\"1\" class=\"CF5af2fdca21006 caldera_forms_form cfajax-trigger\" method=\"POST\" enctype=\"multipart\/form-data\" id=\"CF5af2fdca21006_1\" data-form-id=\"CF5af2fdca21006\" aria-label=\"Kontakt\" data-target=\"#caldera_notices_1\" data-template=\"#cfajax_CF5af2fdca21006-tmpl\" data-cfajax=\"CF5af2fdca21006\" data-load-element=\"_parent\" data-load-class=\"cf_processing\" data-post-disable=\"0\" data-action=\"cf_process_ajax_submit\" data-request=\"http:\/\/thomas-kaulich.com\/cf-api\/CF5af2fdca21006\" data-hiderows=\"true\">\r\n<input type=\"hidden\" id=\"_cf_verify_CF5af2fdca21006\" name=\"_cf_verify\" value=\"963dbc65cc\"  data-nonce-time=\"1777732962\" \/><input type=\"hidden\" name=\"_wp_http_referer\" value=\"\/index.php\/wp-json\/wp\/v2\/pages\/132\" \/><div id=\"cf2-CF5af2fdca21006_1\"><\/div><input type=\"hidden\" name=\"_cf_frm_id\" value=\"CF5af2fdca21006\">\r\n<input type=\"hidden\" name=\"_cf_frm_ct\" value=\"1\">\r\n<input type=\"hidden\" name=\"cfajax\" value=\"CF5af2fdca21006\">\r\n<input type=\"hidden\" name=\"_cf_cr_pst\" value=\"132\">\r\n<div class=\"hide\" style=\"display:none; overflow:hidden;height:0;width:0;\">\r\n<label>Phone<\/label><input type=\"text\" name=\"phone\" value=\"\" autocomplete=\"off\">\r\n<\/div><div id=\"CF5af2fdca21006_1-row-1\"  class=\"row  first_row\"><div  class=\"col-sm-4  first_col\"><div data-field-wrapper=\"fld_8768091\" class=\"form-group\" id=\"fld_8768091_1-wrap\">\r\n\t<label id=\"fld_8768091Label\" for=\"fld_8768091_1\" class=\"control-label\">Vorname<\/label>\r\n\t<div class=\"\">\r\n\t\t<input    type=\"text\" data-field=\"fld_8768091\" class=\" form-control\" id=\"fld_8768091_1\" name=\"fld_8768091\" value=\"\" data-type=\"text\"   aria-labelledby=\"fld_8768091Label\" >\t\t\t<\/div>\r\n<\/div>\r\n<\/div><div  class=\"col-sm-4 \"><div data-field-wrapper=\"fld_9970286\" class=\"form-group\" id=\"fld_9970286_1-wrap\">\r\n\t<label id=\"fld_9970286Label\" for=\"fld_9970286_1\" class=\"control-label\">Nachname <span aria-hidden=\"true\" role=\"presentation\" class=\"field_required\" style=\"color:#ee0000;\">*<\/span><\/label>\r\n\t<div class=\"\">\r\n\t\t<input   required type=\"text\" data-field=\"fld_9970286\" class=\" form-control\" id=\"fld_9970286_1\" name=\"fld_9970286\" value=\"\" data-type=\"text\" aria-required=\"true\"   aria-labelledby=\"fld_9970286Label\" >\t\t\t<\/div>\r\n<\/div>\r\n<\/div><div  class=\"col-sm-4  last_col\"><div data-field-wrapper=\"fld_6009157\" class=\"form-group\" id=\"fld_6009157_1-wrap\">\r\n\t<label id=\"fld_6009157Label\" for=\"fld_6009157_1\" class=\"control-label\">Email Adresse <span aria-hidden=\"true\" role=\"presentation\" class=\"field_required\" style=\"color:#ee0000;\">*<\/span><\/label>\r\n\t<div class=\"\">\r\n\t\t<input   required type=\"email\" data-field=\"fld_6009157\" class=\" form-control\" id=\"fld_6009157_1\" name=\"fld_6009157\" value=\"\" data-type=\"email\" aria-required=\"true\"   aria-labelledby=\"fld_6009157Label\" >\t\t\t<\/div>\r\n<\/div>\r\n<\/div><\/div><div id=\"CF5af2fdca21006_1-row-2\"  class=\"row \"><div  class=\"col-sm-12  single\"><div data-field-wrapper=\"fld_7683514\" class=\"form-group\" id=\"fld_7683514_1-wrap\">\r\n\t<label id=\"fld_7683514Label\" for=\"fld_7683514_1\" class=\"control-label\">Ihre Nachricht <span aria-hidden=\"true\" role=\"presentation\" class=\"field_required\" style=\"color:#ee0000;\">*<\/span><\/label>\r\n\t<div class=\"\">\r\n\t\t<textarea name=\"fld_7683514\" value=\"\" data-field=\"fld_7683514\" class=\"form-control\" id=\"fld_7683514_1\" rows=\"7\"  required=\"required\"  aria-labelledby=\"fld_7683514Label\" ><\/textarea>\n\t\t\t<\/div>\r\n<\/div>\r\n<\/div><\/div><div id=\"CF5af2fdca21006_1-row-3\"  class=\"row \"><div  class=\"col-sm-12  single\"><div data-field-wrapper=\"fld_7908577\" class=\"form-group\" id=\"fld_7908577_1-wrap\">\r\n\t<label id=\"fld_7908577Label\" for=\"fld_7908577_1\" class=\"control-label screen-reader-text sr-only\">Datenschutz<\/label>\r\n\t<div class=\"\">\r\n\t\t\t\t\t\t\t\t\t\t\t<div class=\"checkbox\">\n\t\t\t\t\n                <label                         for=\"fld_7908577_1_opt1505302\"\n                >\n                            <input\n                                data-parsley-required=\"true\" data-parsley-group=\"fld_7908577_1\" data-parsley-multiple=\"fld_7908577_1\"                                type=\"checkbox\"\n                                data-label=\"Mit Setzen des H\u00e4kchens im nebenstehenden Kontrollk\u00e4stchen erkl\u00e4ren Sie sich einverstanden, dass die von Ihnen angegebenen Daten elektronisch erhoben und gespeichert werden. Ihre Daten werden dabei nur streng zweckgebunden zur Bearbeitung und Beantwortung Ihrer Anfrage genutzt. Diese Einwilligung k\u00f6nnen Sie jederzeit durch Nachricht an uns widerrufen. Im Falle des Widerrufs werden Ihre Daten umgehend gel\u00f6scht. Weitere Informationen entnehmen Sie der &lt;a href=&quot;datenschutz&quot;&gt;Datenschutzerkl\u00e4rung&lt;\/a&gt;. Ohne Einwilligungserkl\u00e4rung zur Datenerhebung k\u00f6nnen wir Ihre Anfrage nicht entgegennehmen!\"\n                                data-field=\"fld_7908577\"\n                                id=\"fld_7908577_1_opt1505302\"\n                                class=\"fld_7908577_1 option-required\"\n                                name=\"fld_7908577[opt1505302]\"\n                                value=\"Mit Setzen des H\u00e4kchens im nebenstehenden Kontrollk\u00e4stchen erkl\u00e4ren Sie sich einverstanden, dass die von Ihnen angegebenen Daten elektronisch erhoben und gespeichert werden. Ihre Daten werden dabei nur streng zweckgebunden zur Bearbeitung und Beantwortung Ihrer Anfrage genutzt. Diese Einwilligung k\u00f6nnen Sie jederzeit durch Nachricht an uns widerrufen. Im Falle des Widerrufs werden Ihre Daten umgehend gel\u00f6scht. Weitere Informationen entnehmen Sie der &lt;a href=&quot;datenschutz&quot;&gt;Datenschutzerkl\u00e4rung&lt;\/a&gt;. Ohne Einwilligungserkl\u00e4rung zur Datenerhebung k\u00f6nnen wir Ihre Anfrage nicht entgegennehmen!\"\n                                                                data-type=\"checkbox\"\n                                data-checkbox-field=\"fld_7908577_1\"\n                                                                data-calc-value=\"Mit Setzen des H\u00e4kchens im nebenstehenden Kontrollk\u00e4stchen erkl\u00e4ren Sie sich einverstanden, dass die von Ihnen angegebenen Daten elektronisch erhoben und gespeichert werden. Ihre Daten werden dabei nur streng zweckgebunden zur Bearbeitung und Beantwortung Ihrer Anfrage genutzt. Diese Einwilligung k\u00f6nnen Sie jederzeit durch Nachricht an uns widerrufen. Im Falle des Widerrufs werden Ihre Daten umgehend gel\u00f6scht. Weitere Informationen entnehmen Sie der &lt;a href=&quot;datenschutz&quot;&gt;Datenschutzerkl\u00e4rung&lt;\/a&gt;. Ohne Einwilligungserkl\u00e4rung zur Datenerhebung k\u00f6nnen wir Ihre Anfrage nicht entgegennehmen!\"\n                            >\n                    Mit Setzen des H\u00e4kchens im nebenstehenden Kontrollk\u00e4stchen erkl\u00e4ren Sie sich einverstanden, dass die von Ihnen angegebenen Daten elektronisch erhoben und gespeichert werden. Ihre Daten werden dabei nur streng zweckgebunden zur Bearbeitung und Beantwortung Ihrer Anfrage genutzt. Diese Einwilligung k\u00f6nnen Sie jederzeit durch Nachricht an uns widerrufen. Im Falle des Widerrufs werden Ihre Daten umgehend gel\u00f6scht. Weitere Informationen entnehmen Sie der <a href=\"datenschutz\">Datenschutzerkl\u00e4rung<\/a>. Ohne Einwilligungserkl\u00e4rung zur Datenerhebung k\u00f6nnen wir Ihre Anfrage nicht entgegennehmen!                <\/label>\n\n                \t\t\t\t\t<\/div>\n\t\t\t\t\t\t\t\t\t\t\t<\/div>\r\n<\/div>\r\n<\/div><\/div><div id=\"CF5af2fdca21006_1-row-4\"  class=\"row  last_row\"><div  class=\"col-sm-12  single\"><div data-field-wrapper=\"fld_5269139\" class=\"form-group\" id=\"fld_5269139_1-wrap\">\r\n<div class=\"\">\r\n\t<input  class=\"btn btn-default\" type=\"submit\" name=\"fld_5269139\" id=\"fld_5269139_1\" value=\"Absenden\" data-field=\"fld_5269139\"  >\n<\/div>\r\n<\/div>\r\n\t<input class=\"button_trigger_1\" type=\"hidden\" name=\"fld_5269139\" id=\"fld_5269139_1_btn\" value=\"\" data-field=\"fld_5269139\"  \/>\n<\/div><\/div><\/form>\r\n<\/div>\r\n\n<p>&nbsp;<\/p>\n<p>Adresse:<\/p>\n<p>Alter Bahnhofsweg 23<\/p>\n<p>35764 Sinn<\/p>\n<p>&nbsp;<\/p>\n<p>Telefon: 02772-5820877<\/p>\n<p>Mobil: 0172 67 39 836<\/p>\n<p>mail(at)thomas-kaulich.com<\/p>\n","protected":false},"excerpt":{"rendered":"<p>&nbsp; Adresse: Alter Bahnhofsweg 23 35764 Sinn &nbsp; Telefon: 02772-5820877 Mobil: 0172 67 39 836 mail(at)thomas-kaulich.com<\/p>\n","protected":false},"author":1,"featured_media":0,"parent":0,"menu_order":0,"comment_status":"closed","ping_status":"open","template":"","meta":[],"_links":{"self":[{"href":"http:\/\/thomas-kaulich.com\/index.php\/wp-json\/wp\/v2\/pages\/132"}],"collection":[{"href":"http:\/\/thomas-kaulich.com\/index.php\/wp-json\/wp\/v2\/pages"}],"about":[{"href":"http:\/\/thomas-kaulich.com\/index.php\/wp-json\/wp\/v2\/types\/page"}],"author":[{"embeddable":true,"href":"http:\/\/thomas-kaulich.com\/index.php\/wp-json\/wp\/v2\/users\/1"}],"replies":[{"embeddable":true,"href":"http:\/\/thomas-kaulich.com\/index.php\/wp-json\/wp\/v2\/comments?post=132"}],"version-history":[{"count":6,"href":"http:\/\/thomas-kaulich.com\/index.php\/wp-json\/wp\/v2\/pages\/132\/revisions"}],"predecessor-version":[{"id":427,"href":"http:\/\/thomas-kaulich.com\/index.php\/wp-json\/wp\/v2\/pages\/132\/revisions\/427"}],"wp:attachment":[{"href":"http:\/\/thomas-kaulich.com\/index.php\/wp-json\/wp\/v2\/media?parent=132"}],"curies":[{"name":"wp","href":"https:\/\/api.w.org\/{rel}","templated":true}]}}