{"id":383,"date":"2016-01-20T20:10:59","date_gmt":"2016-01-20T18:10:59","guid":{"rendered":"http:\/\/thomas-kaulich.com\/?page_id=383"},"modified":"2016-01-20T20:10:59","modified_gmt":"2016-01-20T18:10:59","slug":"filmproduktion","status":"publish","type":"page","link":"http:\/\/thomas-kaulich.com\/index.php\/filmproduktion\/","title":{"rendered":"Filmproduktion"},"content":{"rendered":"<p>Filme f\u00fcr Dokumentation und Berichterstattung. Auswertung im TV, in Onlinemedien oder als DVD.<\/p>\n<p>Von der Idee \u00fcber das Script bis zum fertigen Film!<\/p>\n<p>Durch eigenes Equipment ist ein sehr flexibles und schnelles Arbeiten m\u00f6glich.<\/p>\n<p>Die Themen \u00a0waren in den letzten 25 Jahren sehr vielseitig. Technik, Geschichte, Gesundheit, Sicherheit, Politik, Charity und vieles mehr.<\/p>\n<p>Ebenso unterschiedlich waren die Drehorte. Von ganz kalt auf einem Gletscher in Island, bis zum Dreh auf der h\u00f6chsten Sandd\u00fcne der Welt in Namibia.<\/p>\n","protected":false},"excerpt":{"rendered":"<p>Filme f\u00fcr Dokumentation und Berichterstattung. Auswertung im TV, in Onlinemedien oder als DVD. Von der Idee \u00fcber das Script bis zum fertigen Film! Durch eigenes Equipment ist ein sehr flexibles und schnelles Arbeiten m\u00f6glich. Die Themen \u00a0waren in den letzten 25 Jahren sehr vielseitig. Technik, Geschichte, Gesundheit, Sicherheit, Politik, Charity und vieles mehr. Ebenso unterschiedlich [&hellip;]<\/p>\n","protected":false},"author":1,"featured_media":0,"parent":0,"menu_order":0,"comment_status":"closed","ping_status":"closed","template":"","meta":[],"_links":{"self":[{"href":"http:\/\/thomas-kaulich.com\/index.php\/wp-json\/wp\/v2\/pages\/383"}],"collection":[{"href":"http:\/\/thomas-kaulich.com\/index.php\/wp-json\/wp\/v2\/pages"}],"about":[{"href":"http:\/\/thomas-kaulich.com\/index.php\/wp-json\/wp\/v2\/types\/page"}],"author":[{"embeddable":true,"href":"http:\/\/thomas-kaulich.com\/index.php\/wp-json\/wp\/v2\/users\/1"}],"replies":[{"embeddable":true,"href":"http:\/\/thomas-kaulich.com\/index.php\/wp-json\/wp\/v2\/comments?post=383"}],"version-history":[{"count":1,"href":"http:\/\/thomas-kaulich.com\/index.php\/wp-json\/wp\/v2\/pages\/383\/revisions"}],"predecessor-version":[{"id":384,"href":"http:\/\/thomas-kaulich.com\/index.php\/wp-json\/wp\/v2\/pages\/383\/revisions\/384"}],"wp:attachment":[{"href":"http:\/\/thomas-kaulich.com\/index.php\/wp-json\/wp\/v2\/media?parent=383"}],"curies":[{"name":"wp","href":"https:\/\/api.w.org\/{rel}","templated":true}]}}